{"id":66,"date":"2016-12-10T12:41:10","date_gmt":"2016-12-10T10:41:10","guid":{"rendered":"http:\/\/cemada.m-software.cz\/test\/?page_id=66"},"modified":"2017-01-07T15:14:29","modified_gmt":"2017-01-07T14:14:29","slug":"sony-slt-a57","status":"publish","type":"page","link":"http:\/\/cemada.m-software.cz\/?page_id=66","title":{"rendered":"Sony SLT-A57"},"content":{"rendered":"<h2>Galerie:\u00a0\u00a0 <a href=\"http:\/\/cemada.m-software.cz\/?page_id=220\">2014<\/a>\u00a0\u00a0 <a href=\"http:\/\/cemada.m-software.cz\/?page_id=235\">2015<\/a>\u00a0\u00a0 <a href=\"http:\/\/cemada.m-software.cz\/?page_id=250\">2016<\/a><\/h2>\n<p><span style=\"color: #000000;\"><span style=\"color: #ffffff;\"><b>Parametry:<br \/>\nTyp fotoapar\u00e1tu:<\/b> <span style=\"color: #808080;\">fotoapar\u00e1t s&nbsp;EVF<\/span><\/span><br \/>\n<span style=\"color: #ffffff;\"><b>Typ senzoru:<\/b> <span style=\"color: #808080;\">23,5 x 15,6 mm EXMOR APS-C CMOS (3:2)<\/span><\/span><br \/>\n<span style=\"color: #ffffff;\"><b>Rozli\u0161en\u00ed celkov\u00e9 \/ efektivn\u00ed:<\/b> <span style=\"color: #808080;\">16,7\/16,1 MPix<\/span><\/span><br \/>\n<span style=\"color: #ffffff;\"><b>Max. rozli\u0161en\u00ed sn\u00edmku:<\/b> <span style=\"color: #808080;\">6000&#215;4000 px (3:2)<\/span><\/span><br \/>\n<span style=\"color: #ffffff;\"><b>Dostupn\u00e1 rozli\u0161en\u00ed:<\/b> <span style=\"color: #808080;\">4912&#215;3264 px, 3568&#215;2368 px, 2448&#215;1624 px (3:2)<\/span><\/span><br \/>\n<span style=\"color: #ffffff;\"><b>Video a audioz\u00e1znam:<\/b> <span style=\"color: #808080;\">1920&#215;1080 px @ 50p, 50i, 25p; 1440&#215;1080 px @ 25 fps, audio<\/span><\/span><br \/>\n<span style=\"color: #ffffff;\"><b>V\u00fdstupn\u00ed form\u00e1ty:<\/b> <span style=\"color: #808080;\">JPEG, RAW, AVCHD\/mp4 (MPEG-4 AVC, H.264), MPO<\/span><\/span><br \/>\n<span style=\"color: #ffffff;\"><b>Prachov\u00fd filtr:<\/b> <span style=\"color: #808080;\">Ochrann\u00fd povrch na doln\u00ed p\u00e1smov\u00e9 propusti a mechanismus elektromagnetick\u00fdch vibrac\u00ed<\/span><\/span><br \/>\n<span style=\"color: #ffffff;\"><b>Faktor o\u0159ezu (crop factor):<\/b> <span style=\"color: #808080;\">1,5x<\/span><\/span><br \/>\n<span style=\"color: #ffffff;\"><b>Podporovan\u00e9 objektivy:<\/b> <span style=\"color: #808080;\">V\u0161echny typy objektivu Sony s&nbsp;bajonetem A<\/span><\/span><br \/>\n<span style=\"color: #ffffff;\"><b>Stabilizace:<\/b> <span style=\"color: #808080;\">SteadyShot INSIDE (Optick\u00e1)<\/span><\/span><br \/>\n<span style=\"color: #ffffff;\"><b>Automatick\u00e9 ost\u0159en\u00ed:<\/b> <span style=\"color: #808080;\">Detek\u010dn\u00ed syst\u00e9m f\u00e1ze TTL (Oblast \u0161iroko\u00fahl\u00e9ho zaost\u0159en\u00ed, Bodov\u00e9, V\u00fdb\u011br lok\u00e1ln\u00ed oblasti zaost\u0159en\u00ed, Prediktivn\u00ed ovl\u00e1d\u00e1n\u00ed ost\u0159en\u00ed)<\/span><\/span><br \/>\n<span style=\"color: #ffffff;\"><b>Manu\u00e1ln\u00ed ost\u0159en\u00ed:<\/b> <span style=\"color: #808080;\">Ano<\/span><\/span><br \/>\n<span style=\"color: #ffffff;\"><b>AE\/AF lock:<\/b> <span style=\"color: #808080;\">Ano \/ Ano<\/span><\/span><br \/>\n<span style=\"color: #ffffff;\"><b>Pomocn\u00e9 sv\u011btlo:<\/b> <span style=\"color: #808080;\">Ano (s&nbsp;vestav\u011bn\u00fdm osv\u011btlen\u00edm LED: 1 &#8211; 5&nbsp;m)<\/span><\/span><br \/>\n<span style=\"color: #ffffff;\"><b>Procesor:<\/b> <span style=\"color: #808080;\">BIONZ<\/span><\/span><br \/>\n<span style=\"color: #ffffff;\"><b>M\u011b\u0159en\u00ed expozice:<\/b> <span style=\"color: #808080;\">Z\u00f3nov\u00e9 maticov\u00e9 (Multi-segment, Bodov\u00e9, Vyv\u00e1\u017een\u00ed na st\u0159ed)<\/span><\/span><br \/>\n<span style=\"color: #ffffff;\"><b>Rychlost z\u00e1v\u011brky:<\/b> <span style=\"color: #808080;\">30 &#8211; 1\/4000 s, \u017d\u00e1rovka<\/span><\/span><br \/>\n<span style=\"color: #ffffff;\"><b>Expozi\u010dn\u00ed re\u017eimy:<\/b> <span style=\"color: #808080;\">Programov\u00e1 automatika, Priorita \u010dasu, Priorita Clony, Manu\u00e1ln\u00ed nastaven\u00ed, P\u0159\u00edru\u010dka, Volba sc\u00e9ny, Panoramatick\u00fd z\u00e1b\u011br<\/span><\/span><br \/>\n<span style=\"color: #ffffff;\"><b>Kompenzace expozice:<\/b> <span style=\"color: #808080;\">+\/-3,0 EV v&nbsp;kroc\u00edch po 1\/3 EV<\/span><\/span><br \/>\n<span style=\"color: #ffffff;\"><b>Histogram:<\/b> <span style=\"color: #808080;\">Ano<\/span><\/span><br \/>\n<span style=\"color: #ffffff;\"><b>Citlivost ISO:<\/b> <span style=\"color: #808080;\">ISO 100 &#8211; 16&nbsp;000<\/span><\/span><br \/>\n<span style=\"color: #ffffff;\"><b>Vyv\u00e1\u017een\u00ed b\u00edl\u00e9:<\/b> <span style=\"color: #808080;\">Automaticky, Denn\u00ed sv\u011btlo, St\u00edn, Zata\u017eeno, Wolframov\u00e1 \u017e\u00e1rovka, Z\u00e1\u0159ivka, Blesk, Vlastn\u00ed b\u00edl\u00e1, Typy teploty barev<\/span><\/span><br \/>\n<span style=\"color: #ffffff;\"><b>Volby bracketingu:<\/b> <span style=\"color: #808080;\">Expozi\u010dn\u00ed: V&nbsp;kroc\u00edch po 1\/3, 2\/3 EV, 3 sn\u00edmky; Vyv\u00e1\u017een\u00ed b\u00edl\u00e9 (3 r\u00e1me\u010dky, 2 voliteln\u00e9 kroky)<\/span><\/span><br \/>\n<span style=\"color: #ffffff;\"><b>Stavov\u00fd displej:<\/b> <span style=\"color: #808080;\">Ne<\/span><\/span><br \/>\n<span style=\"color: #ffffff;\"><b>Sc\u00e9nick\u00e9 re\u017eimy:<\/b> <span style=\"color: #808080;\">Standardn\u00ed, \u017div\u00e9 barvy, Portr\u00e9t, Krajina, Z\u00e1pad slunce, \u010cernob\u00edl\u00fd, Nasycen\u00ed, Ostrost<\/span><\/span><br \/>\n<span style=\"color: #ffffff;\"><b>\u00dapravy sn\u00edmku:<\/b> <span style=\"color: #808080;\">Upozorn\u011bn\u00ed na b\u00edl\u00fd \/ \u010dern\u00fd obraz, P\u0159ehr\u00e1v\u00e1n\u00ed podle index\u016f, Roz\u0161\u00ed\u0159en\u00ed (maxim\u00e1ln\u00ed zv\u011bt\u0161en\u00ed), Oto\u010den\u00ed obrazu, Automatick\u00e9 oto\u010den\u00ed obrazu<\/span><\/span><br \/>\n<span style=\"color: #ffffff;\"><b>S\u00e9riov\u00e9 sn\u00edmky:<\/b> <span style=\"color: #808080;\">Re\u017eim souvisl\u00e9ho fotografov\u00e1n\u00ed 12 sn.\/s (max. 23 sn\u00edmk\u016f jemn\u00e9 vykreslen\u00ed, max. 25 sn\u00edmk\u016f RAW, max. 18 sn\u00edmk\u016f RAW + JPEG, RAW max. 21 sn\u00edmk\u016f)<\/span><\/span><br \/>\n<span style=\"color: #ffffff;\"><b>Dosah vestav\u011bn\u00e9ho blesku:<\/b> <span style=\"color: #808080;\">Sm\u011brn\u00e9 \u010d\u00edslo blesku p\u0159i ISO 100: 10&nbsp;m<\/span><\/span><br \/>\n<span style=\"color: #ffffff;\"><b>Re\u017eimy vestav\u011bn\u00e9ho blesku:<\/b> <span style=\"color: #808080;\">Automatick\u00fd, Dopl\u0148kov\u00fd, Synchronizace na prvn\u00ed nebo druhou lamelu, Redukce \u010derven\u00fdch o\u010d\u00ed<\/span><\/span><br \/>\n<span style=\"color: #ffffff;\"><b>Korekce expozice:<\/b> <span style=\"color: #808080;\">blesku +\/-2,0 EV (voliteln\u00e9 kroky 1\/3 EV)<\/span><\/span><br \/>\n<span style=\"color: #ffffff;\"><b>Synchronizace s&nbsp;bleskem:<\/b> <span style=\"color: #808080;\">Ano (1\/160 s)<\/span><\/span><br \/>\n<span style=\"color: #ffffff;\"><b>Extern\u00ed blesk:<\/b> <span style=\"color: #808080;\">Ano<\/span><\/span><br \/>\n<span style=\"color: #ffffff;\"><b>Kompatibilita s&nbsp;typy blesk\u016f:<\/b> <span style=\"color: #808080;\">HVL-F58AM, HVL-F56AM, HVL-F43AM, HVL-F36AM, HVL-F20AM<\/span><\/span><br \/>\n<span style=\"color: #ffffff;\"><b>Samospou\u0161\u0165:<\/b> <span style=\"color: #808080;\">10 s, 2 s<\/span><\/span><br \/>\n<span style=\"color: #ffffff;\"><b>D\u00e1lkov\u00e9 ovl\u00e1d\u00e1n\u00ed:<\/b> <span style=\"color: #808080;\">Ano (RMT-DSLR1, RM-S1AM, RM-L1AM)<\/span><\/span><br \/>\n<span style=\"color: #ffffff;\"><b>Hled\u00e1\u010dek:<\/b> <span style=\"color: #808080;\">EVF (cca 100% pokryt\u00ed, Korekce dioptri\u00ed -4,0 a\u017e +3,0 D)<\/span><\/span><br \/>\n<span style=\"color: #ffffff;\"><b>LCD:<\/b> <span style=\"color: #808080;\">3,0&#8243; Xtra Fine TruBlack (921&nbsp;600 px, nastaven\u00ed jasu, nakl\u00e1p\u011bc\u00ed obrazovka, oto\u010dn\u00fd displej)<\/span><\/span><br \/>\n<span style=\"color: #ffffff;\"><b>\u017div\u00fd n\u00e1hled (Live view):<\/b> <span style=\"color: #808080;\">Ano<\/span><\/span><br \/>\n<span style=\"color: #ffffff;\"><b>Pam\u011b\u0165ov\u00e9 karty:<\/b> <span style=\"color: #808080;\">Memory Stick PRO Duo a Pro HG Duo, SD, SDHC, SDXC<\/span><\/span><br \/>\n<span style=\"color: #ffffff;\"><b>Nap\u00e1jen\u00ed:<\/b> <span style=\"color: #808080;\">Akumul\u00e1torov\u00fd blok NP-FM500H, voliteln\u00fd AC adapt\u00e9r AC-PW10AM<\/span><\/span><br \/>\n<span style=\"color: #ffffff;\"><b>V\u00fdstupy (konektory):<\/b> <span style=\"color: #808080;\">USB 2.0 Hi-Speed, V\u00fdstup HD\/HDMI (Podpora p\u0159\u00edm\u00e9ho tisku: DPOF, Exif Print)<\/span><\/span><br \/>\n<span style=\"color: #ffffff;\"><b>Rozm\u011bry:<\/b> <span style=\"color: #808080;\">132,1 x 97,5 x 80,7 mm<\/span><\/span><br \/>\n<span style=\"color: #ffffff;\"><b>Hmotnost:<\/b> <span style=\"color: #808080;\">539 g<\/span><\/span><br \/>\n<span style=\"color: #ffffff;\"><b>P\u0159\u00edslu\u0161enstv\u00ed:<\/b> <span style=\"color: #808080;\">Akumul\u00e1tor NP-FM500H a nab\u00edje\u010dka, kabely AC a USB, \u0159em\u00ednek na rameno, Software (PlayMemories, Image Data Converter SR)<\/span><\/span><br \/>\n<span style=\"color: #ffffff;\"><b>Pozn\u00e1mka:<\/b> <span style=\"color: #808080;\">Objektivy DT 18-55mm\/F3,5-5,6 SAM, DT 55-200 mm\/F4,0-5,6 SAM a 50mm\/F1,8<\/span><\/span><\/span><\/p>\n<p><a href=\"http:\/\/cemada.m-software.cz\/test\/wp-content\/uploads\/2016\/12\/a57.jpg\"><img loading=\"lazy\" decoding=\"async\" class=\"alignnone size-full wp-image-78\" src=\"http:\/\/cemada.m-software.cz\/test\/wp-content\/uploads\/2016\/12\/a57.jpg\" alt=\"Sony SLT-A57\" width=\"800\" height=\"328\" srcset=\"http:\/\/cemada.m-software.cz\/wp-content\/uploads\/2016\/12\/a57.jpg 800w, http:\/\/cemada.m-software.cz\/wp-content\/uploads\/2016\/12\/a57-300x123.jpg 300w, http:\/\/cemada.m-software.cz\/wp-content\/uploads\/2016\/12\/a57-768x315.jpg 768w\" sizes=\"auto, (max-width: 800px) 100vw, 800px\" \/><\/a><\/p>\n","protected":false},"excerpt":{"rendered":"<p>Galerie:\u00a0\u00a0 2014\u00a0\u00a0 2015\u00a0\u00a0 2016 Parametry: Typ fotoapar\u00e1tu: fotoapar\u00e1t s&nbsp;EVF Typ senzoru: 23,5 x 15,6 mm EXMOR APS-C CMOS (3:2) Rozli\u0161en\u00ed celkov\u00e9 \/ efektivn\u00ed: 16,7\/16,1 MPix Max. rozli\u0161en\u00ed sn\u00edmku: 6000&#215;4000 px (3:2) Dostupn\u00e1 rozli\u0161en\u00ed: 4912&#215;3264 px, 3568&#215;2368 px, 2448&#215;1624 px (3:2) &hellip; <a href=\"http:\/\/cemada.m-software.cz\/?page_id=66\">Cel\u00fd p\u0159\u00edsp\u011bvek <span class=\"meta-nav\">&rarr;<\/span><\/a><\/p>\n","protected":false},"author":1,"featured_media":0,"parent":58,"menu_order":4,"comment_status":"closed","ping_status":"closed","template":"","meta":{"footnotes":""},"class_list":["post-66","page","type-page","status-publish","hentry"],"_links":{"self":[{"href":"http:\/\/cemada.m-software.cz\/index.php?rest_route=\/wp\/v2\/pages\/66","targetHints":{"allow":["GET"]}}],"collection":[{"href":"http:\/\/cemada.m-software.cz\/index.php?rest_route=\/wp\/v2\/pages"}],"about":[{"href":"http:\/\/cemada.m-software.cz\/index.php?rest_route=\/wp\/v2\/types\/page"}],"author":[{"embeddable":true,"href":"http:\/\/cemada.m-software.cz\/index.php?rest_route=\/wp\/v2\/users\/1"}],"replies":[{"embeddable":true,"href":"http:\/\/cemada.m-software.cz\/index.php?rest_route=%2Fwp%2Fv2%2Fcomments&post=66"}],"version-history":[{"count":5,"href":"http:\/\/cemada.m-software.cz\/index.php?rest_route=\/wp\/v2\/pages\/66\/revisions"}],"predecessor-version":[{"id":660,"href":"http:\/\/cemada.m-software.cz\/index.php?rest_route=\/wp\/v2\/pages\/66\/revisions\/660"}],"up":[{"embeddable":true,"href":"http:\/\/cemada.m-software.cz\/index.php?rest_route=\/wp\/v2\/pages\/58"}],"wp:attachment":[{"href":"http:\/\/cemada.m-software.cz\/index.php?rest_route=%2Fwp%2Fv2%2Fmedia&parent=66"}],"curies":[{"name":"wp","href":"https:\/\/api.w.org\/{rel}","templated":true}]}}