{"id":58,"date":"2016-12-10T12:39:19","date_gmt":"2016-12-10T10:39:19","guid":{"rendered":"http:\/\/cemada.m-software.cz\/test\/?page_id=58"},"modified":"2017-10-26T06:30:40","modified_gmt":"2017-10-26T05:30:40","slug":"fotogalerie","status":"publish","type":"page","link":"http:\/\/cemada.m-software.cz\/?page_id=58","title":{"rendered":"Fotogalerie"},"content":{"rendered":"<p><span style=\"color: #808080;\">Galerka je rozd\u011blena dle pou\u017eit\u00fdch fotoapar\u00e1t\u016f na:<\/span><br \/>\n<span style=\"color: #808080;\"> &#8211; <a href=\"http:\/\/cemada.m-software.cz\/?page_id=60\">Fujifilm FinePix S5500<\/a><\/span><br \/>\n<span style=\"color: #808080;\"> &#8211; <a href=\"http:\/\/cemada.m-software.cz\/?page_id=62\">Olympus E-500<\/a><\/span><br \/>\n<span style=\"color: #808080;\"> &#8211; <a href=\"http:\/\/cemada.m-software.cz\/?page_id=64\">Sony DSLR-A500<\/a><\/span><br \/>\n<span style=\"color: #808080;\"> &#8211; <a href=\"http:\/\/cemada.m-software.cz\/?page_id=66\">Sony SLT-A57<\/a><\/span><br \/>\n<span style=\"color: #808080;\"> &#8211; <a href=\"http:\/\/cemada.m-software.cz\/?page_id=951\">St\u0159elnice Velvary<\/a><\/span><\/p>\n<p><span style=\"color: #808080;\">a <a href=\"http:\/\/cemada.m-software.cz\/?page_id=68\">Panoramata<\/a><\/span><\/p>\n","protected":false},"excerpt":{"rendered":"<p>Galerka je rozd\u011blena dle pou\u017eit\u00fdch fotoapar\u00e1t\u016f na: &#8211; Fujifilm FinePix S5500 &#8211; Olympus E-500 &#8211; Sony DSLR-A500 &#8211; Sony SLT-A57 &#8211; St\u0159elnice Velvary a Panoramata<\/p>\n","protected":false},"author":1,"featured_media":0,"parent":0,"menu_order":1,"comment_status":"closed","ping_status":"closed","template":"","meta":{"footnotes":""},"class_list":["post-58","page","type-page","status-publish","hentry"],"_links":{"self":[{"href":"http:\/\/cemada.m-software.cz\/index.php?rest_route=\/wp\/v2\/pages\/58","targetHints":{"allow":["GET"]}}],"collection":[{"href":"http:\/\/cemada.m-software.cz\/index.php?rest_route=\/wp\/v2\/pages"}],"about":[{"href":"http:\/\/cemada.m-software.cz\/index.php?rest_route=\/wp\/v2\/types\/page"}],"author":[{"embeddable":true,"href":"http:\/\/cemada.m-software.cz\/index.php?rest_route=\/wp\/v2\/users\/1"}],"replies":[{"embeddable":true,"href":"http:\/\/cemada.m-software.cz\/index.php?rest_route=%2Fwp%2Fv2%2Fcomments&post=58"}],"version-history":[{"count":8,"href":"http:\/\/cemada.m-software.cz\/index.php?rest_route=\/wp\/v2\/pages\/58\/revisions"}],"predecessor-version":[{"id":1087,"href":"http:\/\/cemada.m-software.cz\/index.php?rest_route=\/wp\/v2\/pages\/58\/revisions\/1087"}],"wp:attachment":[{"href":"http:\/\/cemada.m-software.cz\/index.php?rest_route=%2Fwp%2Fv2%2Fmedia&parent=58"}],"curies":[{"name":"wp","href":"https:\/\/api.w.org\/{rel}","templated":true}]}}