{"id":1690,"date":"2020-01-15T18:26:10","date_gmt":"2020-01-15T17:26:10","guid":{"rendered":"http:\/\/cemada.m-software.cz\/?page_id=1690"},"modified":"2020-01-15T18:27:37","modified_gmt":"2020-01-15T17:27:37","slug":"skd-chlapi-2020","status":"publish","type":"page","link":"http:\/\/cemada.m-software.cz\/?page_id=1690","title":{"rendered":"SKD Chlapi 2020"},"content":{"rendered":"<p>Bowling &gt;&gt;&gt; SKD &gt;&gt;&gt; SKD Chlapi 2020<\/p>\n<p><iframe loading=\"lazy\" style=\"border: solid 1px #777;\" src=\"https:\/\/calendar.google.com\/calendar\/embed?src=or2s6gsgbk95rbvt5qdp2ipik0%40group.calendar.google.com&amp;ctz=Europe%2FPrague\" scrolling=\"no\" width=\"660\" height=\"600\" frameborder=\"0\"><\/iframe><\/p>\n<p><span style=\"text-decoration: underline;\"><strong>V\u00fdsledky<br \/>\n<\/strong><\/span><a href=\"http:\/\/cemada.m-software.cz\/wp-content\/uploads\/bowling\/skd2020\/SKD2020_Statistika.pdf\">SKD Chlapi 2020 &#8211; Statistiky ()<\/a><br \/>\n<a href=\"http:\/\/cemada.m-software.cz\/wp-content\/uploads\/bowling\/skd2019\/SKD2020_1turnaj.pdf\">SKD Chlapi 2020 &#8211; 1.turnaj ()<\/a><br \/>\n<a href=\"http:\/\/cemada.m-software.cz\/wp-content\/uploads\/bowling\/skd2019\/SKD2020_2turnaj.pdf\">SKD Chlapi 2020 &#8211; 2.turnaj ()<\/a><br \/>\n<a href=\"http:\/\/cemada.m-software.cz\/wp-content\/uploads\/bowling\/skd2019\/SKD2020_3turnaj.pdf\">SKD Chlapi 2020 &#8211; 3.turnaj ()<\/a><br \/>\n<a href=\"http:\/\/cemada.m-software.cz\/wp-content\/uploads\/bowling\/skd2019\/SKD2020_4turnaj.pdf\">SKD Chlapi 2020 &#8211; 4.turnaj ()<\/a><br \/>\n<a href=\"http:\/\/cemada.m-software.cz\/wp-content\/uploads\/bowling\/skd2019\/SKD2020_5turnaj.pdf\">SKD Chlapi 2020 &#8211; 5.turnaj ()<\/a><br \/>\n<a href=\"http:\/\/cemada.m-software.cz\/wp-content\/uploads\/bowling\/skd2019\/SKD2020_6turnaj.pdf\">SKD Chlapi 2020 &#8211; 6.turnaj ()<\/a><br \/>\n<a href=\"http:\/\/cemada.m-software.cz\/wp-content\/uploads\/bowling\/skd2019\/SKD2020_7turnaj.pdf\">SKD Chlapi 2020 &#8211; 7.turnaj ()<\/a><br \/>\n<a href=\"http:\/\/cemada.m-software.cz\/wp-content\/uploads\/bowling\/skd2019\/SKD2020_8turnaj.pdf\">SKD Chlapi 2020 &#8211; 8.turnaj ()<\/a><br \/>\n<a href=\"http:\/\/cemada.m-software.cz\/wp-content\/uploads\/bowling\/skd2019\/SKD2020_9turnaj.pdf\">SKD Chlapi 2020 &#8211; 9.turnaj ()<\/a><br \/>\n<a href=\"http:\/\/cemada.m-software.cz\/wp-content\/uploads\/bowling\/skd2019\/SKD2020_10turnaj.pdf\">SKD Chlapi 2020 &#8211; 10.turnaj ()<\/a><br \/>\n<a href=\"http:\/\/cemada.m-software.cz\/wp-content\/uploads\/bowling\/skd2019\/SKD2020_11turnaj.pdf\">SKD Chlapi 2020 &#8211; 11.turnaj ()<\/a><br \/>\n<a href=\"http:\/\/cemada.m-software.cz\/wp-content\/uploads\/bowling\/skd2019\/SKD2020_12turnaj.pdf\">SKD Chlapi 2020 &#8211; 12.turnaj ()<\/a><br \/>\n<a href=\"http:\/\/cemada.m-software.cz\/wp-content\/uploads\/bowling\/skd2019\/SKD2020_Memorial_Bohuslava_Pribyla_2r.pdf\">SKD Chlapi 2020 &#8211; 2.ro\u010dn\u00edk Memori\u00e1lu Bohuslava P\u0159ibyla (dev\u00edtkov\u00fd turnaj, dd.mm.rrrr)<\/a><\/p>\n","protected":false},"excerpt":{"rendered":"<p>Bowling &gt;&gt;&gt; SKD &gt;&gt;&gt; SKD Chlapi 2020 V\u00fdsledky SKD Chlapi 2020 &#8211; Statistiky () SKD Chlapi 2020 &#8211; 1.turnaj () SKD Chlapi 2020 &#8211; 2.turnaj () SKD Chlapi 2020 &#8211; 3.turnaj () SKD Chlapi 2020 &#8211; 4.turnaj () SKD Chlapi &hellip; <a href=\"http:\/\/cemada.m-software.cz\/?page_id=1690\">Cel\u00fd p\u0159\u00edsp\u011bvek <span class=\"meta-nav\">&rarr;<\/span><\/a><\/p>\n","protected":false},"author":1,"featured_media":0,"parent":257,"menu_order":6,"comment_status":"closed","ping_status":"closed","template":"","meta":{"footnotes":""},"class_list":["post-1690","page","type-page","status-publish","hentry"],"_links":{"self":[{"href":"http:\/\/cemada.m-software.cz\/index.php?rest_route=\/wp\/v2\/pages\/1690","targetHints":{"allow":["GET"]}}],"collection":[{"href":"http:\/\/cemada.m-software.cz\/index.php?rest_route=\/wp\/v2\/pages"}],"about":[{"href":"http:\/\/cemada.m-software.cz\/index.php?rest_route=\/wp\/v2\/types\/page"}],"author":[{"embeddable":true,"href":"http:\/\/cemada.m-software.cz\/index.php?rest_route=\/wp\/v2\/users\/1"}],"replies":[{"embeddable":true,"href":"http:\/\/cemada.m-software.cz\/index.php?rest_route=%2Fwp%2Fv2%2Fcomments&post=1690"}],"version-history":[{"count":2,"href":"http:\/\/cemada.m-software.cz\/index.php?rest_route=\/wp\/v2\/pages\/1690\/revisions"}],"predecessor-version":[{"id":1693,"href":"http:\/\/cemada.m-software.cz\/index.php?rest_route=\/wp\/v2\/pages\/1690\/revisions\/1693"}],"up":[{"embeddable":true,"href":"http:\/\/cemada.m-software.cz\/index.php?rest_route=\/wp\/v2\/pages\/257"}],"wp:attachment":[{"href":"http:\/\/cemada.m-software.cz\/index.php?rest_route=%2Fwp%2Fv2%2Fmedia&parent=1690"}],"curies":[{"name":"wp","href":"https:\/\/api.w.org\/{rel}","templated":true}]}}