{"id":153,"date":"2016-12-11T13:01:36","date_gmt":"2016-12-11T11:01:36","guid":{"rendered":"http:\/\/cemada.m-software.cz\/test\/?page_id=153"},"modified":"2017-01-07T15:03:24","modified_gmt":"2017-01-07T14:03:24","slug":"2011-2","status":"publish","type":"page","link":"http:\/\/cemada.m-software.cz\/?page_id=153","title":{"rendered":"2011"},"content":{"rendered":"<p>Fotogalerie &gt;&gt;&gt; Olympus E-500 &gt;&gt;&gt; 2011<\/p>\n<p><a href=\"http:\/\/cemada.m-software.cz\/?page_id=186\">9.4.2011: Znojmo s&nbsp;Marcelkou<\/a><br \/>\n<a href=\"http:\/\/cemada.m-software.cz\/?page_id=188\">7.5.2011: Proch\u00e1zka s&nbsp;br\u00e1\u0161kou<\/a><br \/>\n<a href=\"http:\/\/cemada.m-software.cz\/?page_id=190\">3.9.2011: CIAF 2011<\/a><br \/>\n<a href=\"http:\/\/cemada.m-software.cz\/?page_id=192\">29.10.2011: J\u00edsda s&nbsp;\u010e\u00e1blem<\/a><\/p>\n","protected":false},"excerpt":{"rendered":"<p>Fotogalerie &gt;&gt;&gt; Olympus E-500 &gt;&gt;&gt; 2011&nbsp;9.4.2011: Znojmo s&nbsp;Marcelkou 7.5.2011: Proch\u00e1zka s&nbsp;br\u00e1\u0161kou 3.9.2011: CIAF 2011&nbsp;29.10.2011: J\u00edsda s&nbsp;\u010e\u00e1blem<\/p>\n","protected":false},"author":1,"featured_media":0,"parent":62,"menu_order":4,"comment_status":"closed","ping_status":"closed","template":"","meta":{"footnotes":""},"class_list":["post-153","page","type-page","status-publish","hentry"],"_links":{"self":[{"href":"http:\/\/cemada.m-software.cz\/index.php?rest_route=\/wp\/v2\/pages\/153","targetHints":{"allow":["GET"]}}],"collection":[{"href":"http:\/\/cemada.m-software.cz\/index.php?rest_route=\/wp\/v2\/pages"}],"about":[{"href":"http:\/\/cemada.m-software.cz\/index.php?rest_route=\/wp\/v2\/types\/page"}],"author":[{"embeddable":true,"href":"http:\/\/cemada.m-software.cz\/index.php?rest_route=\/wp\/v2\/users\/1"}],"replies":[{"embeddable":true,"href":"http:\/\/cemada.m-software.cz\/index.php?rest_route=%2Fwp%2Fv2%2Fcomments&post=153"}],"version-history":[{"count":3,"href":"http:\/\/cemada.m-software.cz\/index.php?rest_route=\/wp\/v2\/pages\/153\/revisions"}],"predecessor-version":[{"id":649,"href":"http:\/\/cemada.m-software.cz\/index.php?rest_route=\/wp\/v2\/pages\/153\/revisions\/649"}],"up":[{"embeddable":true,"href":"http:\/\/cemada.m-software.cz\/index.php?rest_route=\/wp\/v2\/pages\/62"}],"wp:attachment":[{"href":"http:\/\/cemada.m-software.cz\/index.php?rest_route=%2Fwp%2Fv2%2Fmedia&parent=153"}],"curies":[{"name":"wp","href":"https:\/\/api.w.org\/{rel}","templated":true}]}}