{"id":1428,"date":"2019-05-03T08:27:52","date_gmt":"2019-05-03T07:27:52","guid":{"rendered":"http:\/\/cemada.m-software.cz\/?page_id=1428"},"modified":"2020-08-31T14:34:02","modified_gmt":"2020-08-31T13:34:02","slug":"vzlu","status":"publish","type":"page","link":"http:\/\/cemada.m-software.cz\/?page_id=1428","title":{"rendered":"VZL\u00da"},"content":{"rendered":"<p><strong>Videa VZL\u00da a (p\u0159\u00edp. Aero Vodochody) na YouTube<\/strong><br \/><a href=\"https:\/\/www.youtube.com\/watch?v=uzkGYJ_Np28&amp;list=PLW5to3JmcsdBv5N5U4RQSr6gMTzztZkkU&amp;index=2&amp;t=0s\">VZL\u00da &#8211; korpor\u00e1tn\u00ed video<\/a><br \/><a href=\"https:\/\/www.youtube.com\/watch?v=tclagOYsJFs&amp;list=PLW5to3JmcsdBv5N5U4RQSr6gMTzztZkkU&amp;index=2&amp;t=0s\">VZL\u00da Let\u0148any &#8211; V\u00fdzkumn\u00fd a zku\u0161ebn\u00ed leteck\u00fd \u00fastav, a.s.<\/a><br \/><a href=\"https:\/\/www.youtube.com\/watch?v=D2cG6uTZ6D0&amp;list=PLW5to3JmcsdBv5N5U4RQSr6gMTzztZkkU&amp;index=3&amp;t=0s\">Uk\u00e1zka z&nbsp;3D m\u011b\u0159en\u00ed verifika\u010dn\u00edho modelu<\/a><br \/><a href=\"https:\/\/www.youtube.com\/watch?v=Wz9eS3d6HT4&amp;list=PLW5to3JmcsdBv5N5U4RQSr6gMTzztZkkU&amp;index=5&amp;t=0s\">Testov\u00e1n\u00ed modelu UAV Sokol v&nbsp;aerodynamick\u00e9m tunelu<\/a><br \/><a href=\"https:\/\/www.youtube.com\/watch?v=HAfdekyF6o4&amp;list=PLW5to3JmcsdBv5N5U4RQSr6gMTzztZkkU&amp;index=4&amp;t=0s\">Testov\u00e1n\u00ed stan\u016f Hannah v&nbsp;aerodynamick\u00e9m tunelu<\/a><br \/><a href=\"https:\/\/www.youtube.com\/watch?v=xBq0RQv7FTQ&amp;list=PLW5to3JmcsdBv5N5U4RQSr6gMTzztZkkU&amp;index=5&amp;t=0s\">V\u00fdvoj letounu L-39 MS (d\u00edl 1.)<\/a><br \/><a href=\"https:\/\/www.youtube.com\/watch?v=T5BDsHOh0EA&amp;list=PLW5to3JmcsdBv5N5U4RQSr6gMTzztZkkU&amp;index=6&amp;t=0s\">V\u00fdvoj letounu L-39 MS (d\u00edl 2.)<\/a><br \/><a href=\"https:\/\/www.youtube.com\/watch?v=4x1sQKWE1ok&amp;list=PLW5to3JmcsdBv5N5U4RQSr6gMTzztZkkU&amp;index=9&amp;t=0s\">Experiment\u00e1ln\u00ed aerodynamika<\/a><br \/><a href=\"https:\/\/www.youtube.com\/watch?v=ApsMb3m4Qxg\">Zkou\u0161ky pevnosti L-39NG<\/a><br \/>(<a href=\"https:\/\/www.idnes.cz\/ekonomika\/domaci\/aero-vodochody-l-39-pilot-vycvik.A190718_201753_ekonomika_mato\">\u010dl\u00e1nek na iDnes<\/a>)<br \/><a href=\"https:\/\/www.ceskatelevize.cz\/porady\/1097181328-udalosti\/219411000100717\/video\/708627\">Vibra\u010dn\u00ed zkou\u0161ka L-39NG<\/a><br \/><a href=\"https:\/\/www.youtube.com\/watch?v=tyqo0ACCbQs\">VZLUSAT-1 &#8211; P\u0159\u00edb\u011bh prvn\u00edho \u010desk\u00e9ho nanosatelitu<\/a><br \/>(webov\u00e1 str\u00e1nka <a href=\"http:\/\/vzlusat1.cz\/cs\/\">VZLUSAT-1<\/a>)<br \/><a href=\"https:\/\/www.ceskatelevize.cz\/porady\/10435049455-dobre-rano\/320291310020081\/video\/784635,784642\">VZLUSAT-1 a 2 na \u010cT v&nbsp;Dobr\u00e1 r\u00e1no<\/a><br \/><a href=\"https:\/\/www.ceskatelevize.cz\/porady\/1097181328-udalosti\/220411000100824\/video\/785413\">VZLUSAT-2 v&nbsp;Ud\u00e1lostech \u010cT<\/a><br \/><br \/><\/p>\n\n\n<p><\/p>\n","protected":false},"excerpt":{"rendered":"<p>Videa VZL\u00da a (p\u0159\u00edp. Aero Vodochody) na YouTubeVZL\u00da &#8211; korpor\u00e1tn\u00ed videoVZL\u00da Let\u0148any &#8211; V\u00fdzkumn\u00fd a zku\u0161ebn\u00ed leteck\u00fd \u00fastav, a.s.Uk\u00e1zka z&nbsp;3D m\u011b\u0159en\u00ed verifika\u010dn\u00edho modeluTestov\u00e1n\u00ed modelu UAV Sokol v&nbsp;aerodynamick\u00e9m tuneluTestov\u00e1n\u00ed stan\u016f Hannah v&nbsp;aerodynamick\u00e9m tuneluV\u00fdvoj letounu L-39 MS (d\u00edl 1.)V\u00fdvoj letounu L-39 MS &hellip; <a href=\"http:\/\/cemada.m-software.cz\/?page_id=1428\">Cel\u00fd p\u0159\u00edsp\u011bvek <span class=\"meta-nav\">&rarr;<\/span><\/a><\/p>\n","protected":false},"author":1,"featured_media":0,"parent":267,"menu_order":6,"comment_status":"closed","ping_status":"closed","template":"","meta":{"footnotes":""},"class_list":["post-1428","page","type-page","status-publish","hentry"],"_links":{"self":[{"href":"http:\/\/cemada.m-software.cz\/index.php?rest_route=\/wp\/v2\/pages\/1428","targetHints":{"allow":["GET"]}}],"collection":[{"href":"http:\/\/cemada.m-software.cz\/index.php?rest_route=\/wp\/v2\/pages"}],"about":[{"href":"http:\/\/cemada.m-software.cz\/index.php?rest_route=\/wp\/v2\/types\/page"}],"author":[{"embeddable":true,"href":"http:\/\/cemada.m-software.cz\/index.php?rest_route=\/wp\/v2\/users\/1"}],"replies":[{"embeddable":true,"href":"http:\/\/cemada.m-software.cz\/index.php?rest_route=%2Fwp%2Fv2%2Fcomments&post=1428"}],"version-history":[{"count":6,"href":"http:\/\/cemada.m-software.cz\/index.php?rest_route=\/wp\/v2\/pages\/1428\/revisions"}],"predecessor-version":[{"id":1708,"href":"http:\/\/cemada.m-software.cz\/index.php?rest_route=\/wp\/v2\/pages\/1428\/revisions\/1708"}],"up":[{"embeddable":true,"href":"http:\/\/cemada.m-software.cz\/index.php?rest_route=\/wp\/v2\/pages\/267"}],"wp:attachment":[{"href":"http:\/\/cemada.m-software.cz\/index.php?rest_route=%2Fwp%2Fv2%2Fmedia&parent=1428"}],"curies":[{"name":"wp","href":"https:\/\/api.w.org\/{rel}","templated":true}]}}