{"id":1389,"date":"2019-02-19T09:11:04","date_gmt":"2019-02-19T08:11:04","guid":{"rendered":"http:\/\/cemada.m-software.cz\/?page_id=1389"},"modified":"2022-11-12T20:04:44","modified_gmt":"2022-11-12T19:04:44","slug":"bowlingovy-kalendar","status":"publish","type":"page","link":"http:\/\/cemada.m-software.cz\/?page_id=1389","title":{"rendered":"Bowlingov\u00fd kalend\u00e1\u0159"},"content":{"rendered":"<p>Bowling &gt;&gt;&gt; Bowlingov\u00fd kalend\u00e1\u0159<\/p>\n<p><iframe loading=\"lazy\" src=\"https:\/\/calendar.google.com\/calendar\/embed?height=600&amp;wkst=2&amp;bgcolor=%23ffffff&amp;ctz=Europe%2FPrague&amp;showCalendars=0&amp;showTabs=1&amp;showPrint=0&amp;showDate=1&amp;showNav=1&amp;src=b3IyczZnc2diazk1cmJ2dDVxZHAyaXBpazBAZ3JvdXAuY2FsZW5kYXIuZ29vZ2xlLmNvbQ&amp;src=Y3MuY3plY2gjaG9saWRheUBncm91cC52LmNhbGVuZGFyLmdvb2dsZS5jb20&amp;color=%239E69AF&amp;color=%237CB342\" style=\"border:solid 1px #777\" scrolling=\"no\" width=\"660\" height=\"600\" frameborder=\"0\"><\/iframe><\/p>\n","protected":false},"excerpt":{"rendered":"<p>Bowling &gt;&gt;&gt; Bowlingov\u00fd kalend\u00e1\u0159<\/p>\n","protected":false},"author":1,"featured_media":0,"parent":255,"menu_order":0,"comment_status":"closed","ping_status":"closed","template":"","meta":{"footnotes":""},"class_list":["post-1389","page","type-page","status-publish","hentry"],"_links":{"self":[{"href":"http:\/\/cemada.m-software.cz\/index.php?rest_route=\/wp\/v2\/pages\/1389","targetHints":{"allow":["GET"]}}],"collection":[{"href":"http:\/\/cemada.m-software.cz\/index.php?rest_route=\/wp\/v2\/pages"}],"about":[{"href":"http:\/\/cemada.m-software.cz\/index.php?rest_route=\/wp\/v2\/types\/page"}],"author":[{"embeddable":true,"href":"http:\/\/cemada.m-software.cz\/index.php?rest_route=\/wp\/v2\/users\/1"}],"replies":[{"embeddable":true,"href":"http:\/\/cemada.m-software.cz\/index.php?rest_route=%2Fwp%2Fv2%2Fcomments&post=1389"}],"version-history":[{"count":5,"href":"http:\/\/cemada.m-software.cz\/index.php?rest_route=\/wp\/v2\/pages\/1389\/revisions"}],"predecessor-version":[{"id":1749,"href":"http:\/\/cemada.m-software.cz\/index.php?rest_route=\/wp\/v2\/pages\/1389\/revisions\/1749"}],"up":[{"embeddable":true,"href":"http:\/\/cemada.m-software.cz\/index.php?rest_route=\/wp\/v2\/pages\/255"}],"wp:attachment":[{"href":"http:\/\/cemada.m-software.cz\/index.php?rest_route=%2Fwp%2Fv2%2Fmedia&parent=1389"}],"curies":[{"name":"wp","href":"https:\/\/api.w.org\/{rel}","templated":true}]}}