{"id":1369,"date":"2019-01-16T12:37:15","date_gmt":"2019-01-16T11:37:15","guid":{"rendered":"http:\/\/cemada.m-software.cz\/?page_id=1369"},"modified":"2019-11-20T08:35:08","modified_gmt":"2019-11-20T07:35:08","slug":"devitka-kyje-2019","status":"publish","type":"page","link":"http:\/\/cemada.m-software.cz\/?page_id=1369","title":{"rendered":"Dev\u00edtka Kyje &#8211; 2019"},"content":{"rendered":"<p>Bowling &gt;&gt;&gt; Dev\u00edtka Kyje &gt;&gt;&gt; 2019<\/p>\n<p><iframe loading=\"lazy\" style=\"border: solid 1px #777;\" src=\"https:\/\/calendar.google.com\/calendar\/embed?src=or2s6gsgbk95rbvt5qdp2ipik0%40group.calendar.google.com&amp;ctz=Europe%2FPrague\" scrolling=\"no\" width=\"660\" height=\"600\" frameborder=\"0\"><\/iframe><\/p>\n<p><a href=\"http:\/\/cemada.m-software.cz\/wp-content\/uploads\/bowling\/devitka\/Devitka_Kyje_2019_Statistika.pdf\">Dev\u00edtka Kyje 2019 &#8211; statistika (po 19.11.2019)<\/a><\/p>\n<p><a href=\"http:\/\/cemada.m-software.cz\/wp-content\/uploads\/bowling\/devitka\/Devitka_Kyje_2019-01-15.pdf\">Dev\u00edtka Kyje 2019: turnaj 15.1.2019<\/a><br \/>\n<a href=\"http:\/\/cemada.m-software.cz\/wp-content\/uploads\/bowling\/devitka\/Devitka_Kyje_2019-02-12.pdf\">Dev\u00edtka Kyje 2019: turnaj 12.2.2019<\/a><br \/>\n<a href=\"http:\/\/cemada.m-software.cz\/wp-content\/uploads\/bowling\/devitka\/Devitka_Kyje_2019-03-12.pdf\">Dev\u00edtka Kyje 2019: turnaj 12.3.2019<\/a><br \/>\n<a href=\"http:\/\/cemada.m-software.cz\/wp-content\/uploads\/bowling\/devitka\/Devitka_Kyje_2019-04-09.pdf\">Dev\u00edtka Kyje 2019: turnaj 9.4.2019<\/a><br \/>\n<a href=\"http:\/\/cemada.m-software.cz\/wp-content\/uploads\/bowling\/devitka\/Devitka_Kyje_2019-05-14.pdf\">Dev\u00edtka Kyje 2019: turnaj 14.5.2019<\/a><br \/>\n<a href=\"http:\/\/cemada.m-software.cz\/wp-content\/uploads\/bowling\/devitka\/Devitka_Kyje_2019-06-04.pdf\">Dev\u00edtka Kyje 2019: turnaj 4.6.2019<\/a><br \/>\n<a href=\"http:\/\/cemada.m-software.cz\/wp-content\/uploads\/bowling\/devitka\/Devitka_Kyje_2019-07-16.pdf\">Dev\u00edtka Kyje 2019: turnaj 16.7.2019<\/a><br \/>\n<a href=\"http:\/\/cemada.m-software.cz\/wp-content\/uploads\/bowling\/devitka\/Devitka_Kyje_2019-09-10.pdf\">Dev\u00edtka Kyje 2019: turnaj 10.9.2019<\/a><br \/>\n<a href=\"http:\/\/cemada.m-software.cz\/wp-content\/uploads\/bowling\/devitka\/Devitka_Kyje_2019-10-08.pdf\">Dev\u00edtka Kyje 2019: turnaj 8.10.2019<\/a><br \/>\n<a href=\"http:\/\/cemada.m-software.cz\/wp-content\/uploads\/bowling\/devitka\/Devitka_Kyje_2019-11-05.pdf\">Dev\u00edtka Kyje 2019: turnaj 5.11.2019<\/a><br \/>\n<a href=\"http:\/\/cemada.m-software.cz\/wp-content\/uploads\/bowling\/devitka\/Devitka_Kyje_2019-11-19.pdf\">Dev\u00edtka Kyje 2019: turnaj 19.11.2019<\/a><\/p>\n","protected":false},"excerpt":{"rendered":"<p>Bowling &gt;&gt;&gt; Dev\u00edtka Kyje &gt;&gt;&gt; 2019 Dev\u00edtka Kyje 2019 &#8211; statistika (po 19.11.2019) Dev\u00edtka Kyje 2019: turnaj 15.1.2019 Dev\u00edtka Kyje 2019: turnaj 12.2.2019 Dev\u00edtka Kyje 2019: turnaj 12.3.2019 Dev\u00edtka Kyje 2019: turnaj 9.4.2019 Dev\u00edtka Kyje 2019: turnaj 14.5.2019 Dev\u00edtka Kyje &hellip; <a href=\"http:\/\/cemada.m-software.cz\/?page_id=1369\">Cel\u00fd p\u0159\u00edsp\u011bvek <span class=\"meta-nav\">&rarr;<\/span><\/a><\/p>\n","protected":false},"author":1,"featured_media":0,"parent":890,"menu_order":3,"comment_status":"closed","ping_status":"closed","template":"","meta":{"footnotes":""},"class_list":["post-1369","page","type-page","status-publish","hentry"],"_links":{"self":[{"href":"http:\/\/cemada.m-software.cz\/index.php?rest_route=\/wp\/v2\/pages\/1369","targetHints":{"allow":["GET"]}}],"collection":[{"href":"http:\/\/cemada.m-software.cz\/index.php?rest_route=\/wp\/v2\/pages"}],"about":[{"href":"http:\/\/cemada.m-software.cz\/index.php?rest_route=\/wp\/v2\/types\/page"}],"author":[{"embeddable":true,"href":"http:\/\/cemada.m-software.cz\/index.php?rest_route=\/wp\/v2\/users\/1"}],"replies":[{"embeddable":true,"href":"http:\/\/cemada.m-software.cz\/index.php?rest_route=%2Fwp%2Fv2%2Fcomments&post=1369"}],"version-history":[{"count":12,"href":"http:\/\/cemada.m-software.cz\/index.php?rest_route=\/wp\/v2\/pages\/1369\/revisions"}],"predecessor-version":[{"id":1654,"href":"http:\/\/cemada.m-software.cz\/index.php?rest_route=\/wp\/v2\/pages\/1369\/revisions\/1654"}],"up":[{"embeddable":true,"href":"http:\/\/cemada.m-software.cz\/index.php?rest_route=\/wp\/v2\/pages\/890"}],"wp:attachment":[{"href":"http:\/\/cemada.m-software.cz\/index.php?rest_route=%2Fwp%2Fv2%2Fmedia&parent=1369"}],"curies":[{"name":"wp","href":"https:\/\/api.w.org\/{rel}","templated":true}]}}